{"id":911,"date":"2025-04-10T00:51:07","date_gmt":"2025-04-10T03:51:07","guid":{"rendered":"https:\/\/online.dmgroup.com.ar\/product\/batea-2-40mts-vidrio-recto-teora-bt240re-teora\/"},"modified":"2026-02-05T11:24:42","modified_gmt":"2026-02-05T14:24:42","slug":"batea-2-40mts-vidrio-recto-teora-bt240re-teora","status":"publish","type":"product","link":"https:\/\/online.dmgroup.com.ar\/?product=batea-2-40mts-vidrio-recto-teora-bt240re-teora","title":{"rendered":"BATEA 2.40MTS VIDRIO RECTO TEORA BT240RE TEORA"},"content":{"rendered":"<p>C\u00fapula Autoservicio | Recta | Curva Aislaci\u00f3n Poliuretano de 38kg-m de densidad Condensaci\u00f3n Forzada Evaporador Aletado Controlador digital Eliwell EWPlus Plano de trabajo Acero Piso Acero Exterior del gabinete Chapa prepintada Interior del gabinete Chapa prepintada Luz interior Led Especificaciones del producto Frente (mm) 2400 Profundidad (mm) 1000 Alto (mm) 1360 Rango de temperatura 3\u00b0C a 8\u00b0C Gas refrigerante R-134a Voltaje &#8211; frecuencia 220v &#8211; 50Hz <\/p>\n","protected":false},"excerpt":{"rendered":"<p>BATEA 2.40MTS VIDRIO RECTO TEORA BT240RE TEORA<\/p>\n","protected":false},"featured_media":910,"template":"","meta":{"_acf_changed":false},"product_brand":[],"product_cat":[43],"product_tag":[],"class_list":{"0":"post-911","1":"product","2":"type-product","3":"status-publish","4":"has-post-thumbnail","6":"product_cat-heladera-freezer-comercial","8":"first","9":"instock","10":"shipping-taxable","11":"product-type-simple"},"acf":[],"_links":{"self":[{"href":"https:\/\/online.dmgroup.com.ar\/index.php?rest_route=\/wp\/v2\/product\/911","targetHints":{"allow":["GET"]}}],"collection":[{"href":"https:\/\/online.dmgroup.com.ar\/index.php?rest_route=\/wp\/v2\/product"}],"about":[{"href":"https:\/\/online.dmgroup.com.ar\/index.php?rest_route=\/wp\/v2\/types\/product"}],"version-history":[{"count":0,"href":"https:\/\/online.dmgroup.com.ar\/index.php?rest_route=\/wp\/v2\/product\/911\/revisions"}],"wp:featuredmedia":[{"embeddable":true,"href":"https:\/\/online.dmgroup.com.ar\/index.php?rest_route=\/wp\/v2\/media\/910"}],"wp:attachment":[{"href":"https:\/\/online.dmgroup.com.ar\/index.php?rest_route=%2Fwp%2Fv2%2Fmedia&parent=911"}],"wp:term":[{"taxonomy":"product_brand","embeddable":true,"href":"https:\/\/online.dmgroup.com.ar\/index.php?rest_route=%2Fwp%2Fv2%2Fproduct_brand&post=911"},{"taxonomy":"product_cat","embeddable":true,"href":"https:\/\/online.dmgroup.com.ar\/index.php?rest_route=%2Fwp%2Fv2%2Fproduct_cat&post=911"},{"taxonomy":"product_tag","embeddable":true,"href":"https:\/\/online.dmgroup.com.ar\/index.php?rest_route=%2Fwp%2Fv2%2Fproduct_tag&post=911"}],"curies":[{"name":"wp","href":"https:\/\/api.w.org\/{rel}","templated":true}]}}