{"id":92,"date":"2024-12-09T10:35:18","date_gmt":"2024-12-09T13:35:18","guid":{"rendered":"https:\/\/online.dmgroup.com.ar\/product\/aire-acondicionado-f-c-3500w-portatil-tacaportatil-tcl\/"},"modified":"2026-02-05T11:11:54","modified_gmt":"2026-02-05T14:11:54","slug":"aire-acondicionado-f-c-3500w-portatil-tacaportatil-tcl","status":"publish","type":"product","link":"https:\/\/online.dmgroup.com.ar\/?product=aire-acondicionado-f-c-3500w-portatil-tacaportatil-tcl","title":{"rendered":"AIRE ACONDICIONADO F\/C 3500W PORTATIL TACAPORTATIL TCL"},"content":{"rendered":"<p>Aire acondicionado TCL port\u00e1til fr\u00edo-calor 3010 frigor\u00edas blanco 220V &#8211; 240V TACA-3500FCSA-PORT Capacidad de refrigeraci\u00f3n de 3500W. Capacidad de calefacci\u00f3n de 2850 W. Frigor\u00edas: 3010. Potencia de refrigeraci\u00f3n de 1200W y de calefacci\u00f3n de 1100W. Con funci\u00f3n deshumidificaci\u00f3n. Cuenta con funci\u00f3n de dormir. Incluye control remoto. Dimensiones: 41.9cm de ancho x 68.8cm de alto x 35cm de profundidad. Tiene temporizador.<\/p>\n","protected":false},"excerpt":{"rendered":"<p>AIRE ACONDICIONADO F-C 3500W PORTATIL TACAPORTATIL TCL<\/p>\n","protected":false},"featured_media":91,"template":"","meta":{"_acf_changed":false},"product_brand":[],"product_cat":[37],"product_tag":[],"class_list":{"0":"post-92","1":"product","2":"type-product","3":"status-publish","4":"has-post-thumbnail","6":"product_cat-climatizacion","8":"first","9":"instock","10":"shipping-taxable","11":"product-type-simple"},"acf":[],"_links":{"self":[{"href":"https:\/\/online.dmgroup.com.ar\/index.php?rest_route=\/wp\/v2\/product\/92","targetHints":{"allow":["GET"]}}],"collection":[{"href":"https:\/\/online.dmgroup.com.ar\/index.php?rest_route=\/wp\/v2\/product"}],"about":[{"href":"https:\/\/online.dmgroup.com.ar\/index.php?rest_route=\/wp\/v2\/types\/product"}],"version-history":[{"count":0,"href":"https:\/\/online.dmgroup.com.ar\/index.php?rest_route=\/wp\/v2\/product\/92\/revisions"}],"wp:featuredmedia":[{"embeddable":true,"href":"https:\/\/online.dmgroup.com.ar\/index.php?rest_route=\/wp\/v2\/media\/91"}],"wp:attachment":[{"href":"https:\/\/online.dmgroup.com.ar\/index.php?rest_route=%2Fwp%2Fv2%2Fmedia&parent=92"}],"wp:term":[{"taxonomy":"product_brand","embeddable":true,"href":"https:\/\/online.dmgroup.com.ar\/index.php?rest_route=%2Fwp%2Fv2%2Fproduct_brand&post=92"},{"taxonomy":"product_cat","embeddable":true,"href":"https:\/\/online.dmgroup.com.ar\/index.php?rest_route=%2Fwp%2Fv2%2Fproduct_cat&post=92"},{"taxonomy":"product_tag","embeddable":true,"href":"https:\/\/online.dmgroup.com.ar\/index.php?rest_route=%2Fwp%2Fv2%2Fproduct_tag&post=92"}],"curies":[{"name":"wp","href":"https:\/\/api.w.org\/{rel}","templated":true}]}}