{"id":931,"date":"2025-04-11T00:50:29","date_gmt":"2025-04-11T03:50:29","guid":{"rendered":"https:\/\/online.dmgroup.com.ar\/product\/batidora-con-bowl-hr7200-02-philips\/"},"modified":"2026-02-05T11:25:14","modified_gmt":"2026-02-05T14:25:14","slug":"batidora-con-bowl-hr7200-02-philips","status":"publish","type":"product","link":"https:\/\/online.dmgroup.com.ar\/?product=batidora-con-bowl-hr7200-02-philips","title":{"rendered":"BATIDORA CON BOWL HR7200\/02 PHILIPS"},"content":{"rendered":"<p>Sistema de suspensi\u00f3n FlexiMix F\u00e1cil almacenamiento Cinco velocidades y funci\u00f3n turbo Potente motor de 400 W Voltaje 220 V Color Blanco Recipiente 3,5 l Accesorios Batidores S\u00ed Ganchos para amasar S\u00ed <\/p>\n","protected":false},"excerpt":{"rendered":"<p>BATIDORA CON BOWL HR7200-02 PHILIPS<\/p>\n","protected":false},"featured_media":930,"template":"","meta":{"_acf_changed":false},"product_brand":[],"product_cat":[41],"product_tag":[],"class_list":{"0":"post-931","1":"product","2":"type-product","3":"status-publish","4":"has-post-thumbnail","6":"product_cat-electrodomesticos","8":"first","9":"instock","10":"shipping-taxable","11":"product-type-simple"},"acf":[],"_links":{"self":[{"href":"https:\/\/online.dmgroup.com.ar\/index.php?rest_route=\/wp\/v2\/product\/931","targetHints":{"allow":["GET"]}}],"collection":[{"href":"https:\/\/online.dmgroup.com.ar\/index.php?rest_route=\/wp\/v2\/product"}],"about":[{"href":"https:\/\/online.dmgroup.com.ar\/index.php?rest_route=\/wp\/v2\/types\/product"}],"version-history":[{"count":0,"href":"https:\/\/online.dmgroup.com.ar\/index.php?rest_route=\/wp\/v2\/product\/931\/revisions"}],"wp:featuredmedia":[{"embeddable":true,"href":"https:\/\/online.dmgroup.com.ar\/index.php?rest_route=\/wp\/v2\/media\/930"}],"wp:attachment":[{"href":"https:\/\/online.dmgroup.com.ar\/index.php?rest_route=%2Fwp%2Fv2%2Fmedia&parent=931"}],"wp:term":[{"taxonomy":"product_brand","embeddable":true,"href":"https:\/\/online.dmgroup.com.ar\/index.php?rest_route=%2Fwp%2Fv2%2Fproduct_brand&post=931"},{"taxonomy":"product_cat","embeddable":true,"href":"https:\/\/online.dmgroup.com.ar\/index.php?rest_route=%2Fwp%2Fv2%2Fproduct_cat&post=931"},{"taxonomy":"product_tag","embeddable":true,"href":"https:\/\/online.dmgroup.com.ar\/index.php?rest_route=%2Fwp%2Fv2%2Fproduct_tag&post=931"}],"curies":[{"name":"wp","href":"https:\/\/api.w.org\/{rel}","templated":true}]}}