{"id":949,"date":"2025-04-11T00:50:56","date_gmt":"2025-04-11T03:50:56","guid":{"rendered":"https:\/\/online.dmgroup.com.ar\/product\/batidora-de-mano-hr3700-05-philips\/"},"modified":"2026-02-05T11:25:43","modified_gmt":"2026-02-05T14:25:43","slug":"batidora-de-mano-hr3700-05-philips","status":"publish","type":"product","link":"https:\/\/online.dmgroup.com.ar\/?product=batidora-de-mano-hr3700-05-philips","title":{"rendered":"BATIDORA DE MANO HR3700\/05 PHILIPS"},"content":{"rendered":"<p>Sujeci\u00f3n antideslizante Limpieza f\u00e1cil Bot\u00f3n de expulsi\u00f3n grande Livianos Controles extragrandes para facilitar el cambio Accesorios f\u00e1ciles de conectar Varillas c\u00f3nicas F\u00e1cil de montar Potente motor de 200W 3 velocidades Accesorios de acero inoxidable Longitud del cable 1,2 m Voltaje 220-240 V Color Blanco Incluidas Varillas para batir <\/p>\n","protected":false},"excerpt":{"rendered":"<p>BATIDORA DE MANO HR3700-05 PHILIPS<\/p>\n","protected":false},"featured_media":948,"template":"","meta":{"_acf_changed":false},"product_brand":[],"product_cat":[41],"product_tag":[],"class_list":{"0":"post-949","1":"product","2":"type-product","3":"status-publish","4":"has-post-thumbnail","6":"product_cat-electrodomesticos","8":"first","9":"instock","10":"shipping-taxable","11":"product-type-simple"},"acf":[],"_links":{"self":[{"href":"https:\/\/online.dmgroup.com.ar\/index.php?rest_route=\/wp\/v2\/product\/949","targetHints":{"allow":["GET"]}}],"collection":[{"href":"https:\/\/online.dmgroup.com.ar\/index.php?rest_route=\/wp\/v2\/product"}],"about":[{"href":"https:\/\/online.dmgroup.com.ar\/index.php?rest_route=\/wp\/v2\/types\/product"}],"version-history":[{"count":0,"href":"https:\/\/online.dmgroup.com.ar\/index.php?rest_route=\/wp\/v2\/product\/949\/revisions"}],"wp:featuredmedia":[{"embeddable":true,"href":"https:\/\/online.dmgroup.com.ar\/index.php?rest_route=\/wp\/v2\/media\/948"}],"wp:attachment":[{"href":"https:\/\/online.dmgroup.com.ar\/index.php?rest_route=%2Fwp%2Fv2%2Fmedia&parent=949"}],"wp:term":[{"taxonomy":"product_brand","embeddable":true,"href":"https:\/\/online.dmgroup.com.ar\/index.php?rest_route=%2Fwp%2Fv2%2Fproduct_brand&post=949"},{"taxonomy":"product_cat","embeddable":true,"href":"https:\/\/online.dmgroup.com.ar\/index.php?rest_route=%2Fwp%2Fv2%2Fproduct_cat&post=949"},{"taxonomy":"product_tag","embeddable":true,"href":"https:\/\/online.dmgroup.com.ar\/index.php?rest_route=%2Fwp%2Fv2%2Fproduct_tag&post=949"}],"curies":[{"name":"wp","href":"https:\/\/api.w.org\/{rel}","templated":true}]}}