{"id":96,"date":"2024-12-09T10:35:27","date_gmt":"2024-12-09T13:35:27","guid":{"rendered":"https:\/\/online.dmgroup.com.ar\/product\/aire-acondicionado-f-c-6900w-inverter-entrdi69tc-electra\/"},"modified":"2026-02-05T11:11:59","modified_gmt":"2026-02-05T14:11:59","slug":"aire-acondicionado-f-c-6900w-inverter-entrdi69tc-electra","status":"publish","type":"product","link":"https:\/\/online.dmgroup.com.ar\/?product=aire-acondicionado-f-c-6900w-inverter-entrdi69tc-electra","title":{"rendered":"AIRE ACONDICIONADO F\/C 6900W INVERTER ENTRDI69TC ELECTRA"},"content":{"rendered":"<p>Aire acondicionado Electra Inverter F-C 5934 Frigor\u00edas ETRDI69TC PESO 51 kg DIMENSIONES 70 \u00d7 106 \u00d7 60 cm COLOR Blanco CAPACIDAD DE CALENTAMIENTO 6900W CAPACIDAD DE ENFRIAMIENTO 6900W EFICIENCIA ENERGETICA  A+ FRIGORIAS 5934 CONTROL REMOTO  TEMPORIZADOR  DIMENSIONES NETAS (UNIDAD EXTERNA): 92 cm de ancho x 69,9 cm de alto x 38 cm de profundidad. PESO NETO (UNIDAD EXTERIOR) 37,5 DIMENSIONES NETAS (UNIDAD INTERNA): 101 cm de ancho x 31,5 cm de alto x 22 m de profundidad. PESO NETO (UNIDAD INTERIOR) 13  https:&#8211;electrastore.com.ar-productos-aires-acondicionados-residencial-electra-aire-acondicionado-electra-inverter-fc-5934-etrdi69tc-<\/p>\n","protected":false},"excerpt":{"rendered":"<p>AIRE ACONDICIONADO F-C 6900W INVERTER ENTRDI69TC ELECTRA<\/p>\n","protected":false},"featured_media":95,"template":"","meta":{"_acf_changed":false},"product_brand":[],"product_cat":[37],"product_tag":[],"class_list":{"0":"post-96","1":"product","2":"type-product","3":"status-publish","4":"has-post-thumbnail","6":"product_cat-climatizacion","8":"first","9":"instock","10":"shipping-taxable","11":"product-type-simple"},"acf":[],"_links":{"self":[{"href":"https:\/\/online.dmgroup.com.ar\/index.php?rest_route=\/wp\/v2\/product\/96","targetHints":{"allow":["GET"]}}],"collection":[{"href":"https:\/\/online.dmgroup.com.ar\/index.php?rest_route=\/wp\/v2\/product"}],"about":[{"href":"https:\/\/online.dmgroup.com.ar\/index.php?rest_route=\/wp\/v2\/types\/product"}],"version-history":[{"count":0,"href":"https:\/\/online.dmgroup.com.ar\/index.php?rest_route=\/wp\/v2\/product\/96\/revisions"}],"wp:featuredmedia":[{"embeddable":true,"href":"https:\/\/online.dmgroup.com.ar\/index.php?rest_route=\/wp\/v2\/media\/95"}],"wp:attachment":[{"href":"https:\/\/online.dmgroup.com.ar\/index.php?rest_route=%2Fwp%2Fv2%2Fmedia&parent=96"}],"wp:term":[{"taxonomy":"product_brand","embeddable":true,"href":"https:\/\/online.dmgroup.com.ar\/index.php?rest_route=%2Fwp%2Fv2%2Fproduct_brand&post=96"},{"taxonomy":"product_cat","embeddable":true,"href":"https:\/\/online.dmgroup.com.ar\/index.php?rest_route=%2Fwp%2Fv2%2Fproduct_cat&post=96"},{"taxonomy":"product_tag","embeddable":true,"href":"https:\/\/online.dmgroup.com.ar\/index.php?rest_route=%2Fwp%2Fv2%2Fproduct_tag&post=96"}],"curies":[{"name":"wp","href":"https:\/\/api.w.org\/{rel}","templated":true}]}}