{"id":965,"date":"2025-04-11T00:51:22","date_gmt":"2025-04-11T03:51:22","guid":{"rendered":"https:\/\/online.dmgroup.com.ar\/product\/batidora-de-mesa-1000w-roja-pe-bm110r-peabody\/"},"modified":"2026-02-05T11:26:13","modified_gmt":"2026-02-05T14:26:13","slug":"batidora-de-mesa-1000w-roja-pe-bm110r-peabody","status":"publish","type":"product","link":"https:\/\/online.dmgroup.com.ar\/?product=batidora-de-mesa-1000w-roja-pe-bm110r-peabody","title":{"rendered":"BATIDORA DE MESA 1000W ROJA PE-BM110R PEABODY"},"content":{"rendered":"<p>&#8211; 1000W de potencia &#8211; 6 velocidades &#8211; Bowl de 4 litros &#8211; Incluye 4 accesorios: batidor de alambre, gancho amasador, mezclador, esp\u00e1tula de silicona. &#8211; Protector anti-salpicaduras. &#8211; Engranajes met\u00e1licos. &#8211; Regulador de potencia luminoso. &#8211; Sistema inteligente de variaci\u00f3n de velocidad. &#8211; Pies antideslizantes. &#8211; Bowl con manija.<\/p>\n","protected":false},"excerpt":{"rendered":"<p>BATIDORA DE MESA 1000W ROJA PE-BM110R PEABODY<\/p>\n","protected":false},"featured_media":964,"template":"","meta":{"_acf_changed":false},"product_brand":[],"product_cat":[41],"product_tag":[],"class_list":{"0":"post-965","1":"product","2":"type-product","3":"status-publish","4":"has-post-thumbnail","6":"product_cat-electrodomesticos","8":"first","9":"instock","10":"shipping-taxable","11":"product-type-simple"},"acf":[],"_links":{"self":[{"href":"https:\/\/online.dmgroup.com.ar\/index.php?rest_route=\/wp\/v2\/product\/965","targetHints":{"allow":["GET"]}}],"collection":[{"href":"https:\/\/online.dmgroup.com.ar\/index.php?rest_route=\/wp\/v2\/product"}],"about":[{"href":"https:\/\/online.dmgroup.com.ar\/index.php?rest_route=\/wp\/v2\/types\/product"}],"version-history":[{"count":0,"href":"https:\/\/online.dmgroup.com.ar\/index.php?rest_route=\/wp\/v2\/product\/965\/revisions"}],"wp:featuredmedia":[{"embeddable":true,"href":"https:\/\/online.dmgroup.com.ar\/index.php?rest_route=\/wp\/v2\/media\/964"}],"wp:attachment":[{"href":"https:\/\/online.dmgroup.com.ar\/index.php?rest_route=%2Fwp%2Fv2%2Fmedia&parent=965"}],"wp:term":[{"taxonomy":"product_brand","embeddable":true,"href":"https:\/\/online.dmgroup.com.ar\/index.php?rest_route=%2Fwp%2Fv2%2Fproduct_brand&post=965"},{"taxonomy":"product_cat","embeddable":true,"href":"https:\/\/online.dmgroup.com.ar\/index.php?rest_route=%2Fwp%2Fv2%2Fproduct_cat&post=965"},{"taxonomy":"product_tag","embeddable":true,"href":"https:\/\/online.dmgroup.com.ar\/index.php?rest_route=%2Fwp%2Fv2%2Fproduct_tag&post=965"}],"curies":[{"name":"wp","href":"https:\/\/api.w.org\/{rel}","templated":true}]}}