{"id":973,"date":"2025-04-11T00:51:33","date_gmt":"2025-04-11T03:51:33","guid":{"rendered":"https:\/\/online.dmgroup.com.ar\/product\/batidora-de-mesa-2000w-planetarium-2000-telefunken\/"},"modified":"2026-02-05T11:27:29","modified_gmt":"2026-02-05T14:27:29","slug":"batidora-de-mesa-2000w-planetarium-2000-telefunken","status":"publish","type":"product","link":"https:\/\/online.dmgroup.com.ar\/?product=batidora-de-mesa-2000w-planetarium-2000-telefunken","title":{"rendered":"BATIDORA DE MESA 2000W PLANETARIUM-2000 TELEFUNKEN"},"content":{"rendered":"<p>Batidora de mesa Profesional Telefunken Planetarium 2000, color Plateado. Ideal para la preparar grandes cantidades de masa, cremas, crema batida, espuma, pan casero, c\u00f3cteles y bebidas. Sistema de movimiento planetario para amasado, mezcla y batido. Multifunci\u00f3n 3 en 1 Batidora Profesional con Pie y Bol 8 niveles de velocidad Capacidad 10L. Potencia 2000W (240V) Carcasa de pl\u00e1stico ABS Bol extra\u00edble de 10L con manija de acero inoxidable 8 velocidades + turbo Pulso de arranque y parada Cuchillas desmontables de acero inoxidable 3 tipos de accesorios para mezclar, batir y amasar Cabeza inclinada que permite un f\u00e1cil acceso al taz\u00f3n Protecci\u00f3n anti salpicaduras Funci\u00f3n de mezcla para una textura y consistencia perfectas Base antideslizante Montaje sobre mesa Super silenciosa Sistema Planetary Mixing para una textura y consistencia perfectas. Montaje de fijaci\u00f3n tipo bayoneta permite un r\u00e1pido intercambio de accesorios. Cabezal rebatible para permitir una f\u00e1cil y r\u00e1pida extracci\u00f3n del bol e intercambio de accesorios. Traba de seguridad para impedir el encendido del equipo cuando el cabezal se encuentra elevado. Accesorios: Gancho de amasado para mezclas pesadas Mezclador grueso para preparar cremas y masas livianas Batidor de alambre para batir huevos o llevar a punto nieve 220-240V 50-60Hz<\/p>\n","protected":false},"excerpt":{"rendered":"<p>BATIDORA PLANETARIUM 2000 TELEFUNKEN<\/p>\n","protected":false},"featured_media":972,"template":"","meta":{"_acf_changed":false},"product_brand":[],"product_cat":[41],"product_tag":[],"class_list":{"0":"post-973","1":"product","2":"type-product","3":"status-publish","4":"has-post-thumbnail","6":"product_cat-electrodomesticos","8":"first","9":"instock","10":"shipping-taxable","11":"product-type-simple"},"acf":[],"_links":{"self":[{"href":"https:\/\/online.dmgroup.com.ar\/index.php?rest_route=\/wp\/v2\/product\/973","targetHints":{"allow":["GET"]}}],"collection":[{"href":"https:\/\/online.dmgroup.com.ar\/index.php?rest_route=\/wp\/v2\/product"}],"about":[{"href":"https:\/\/online.dmgroup.com.ar\/index.php?rest_route=\/wp\/v2\/types\/product"}],"version-history":[{"count":0,"href":"https:\/\/online.dmgroup.com.ar\/index.php?rest_route=\/wp\/v2\/product\/973\/revisions"}],"wp:featuredmedia":[{"embeddable":true,"href":"https:\/\/online.dmgroup.com.ar\/index.php?rest_route=\/wp\/v2\/media\/972"}],"wp:attachment":[{"href":"https:\/\/online.dmgroup.com.ar\/index.php?rest_route=%2Fwp%2Fv2%2Fmedia&parent=973"}],"wp:term":[{"taxonomy":"product_brand","embeddable":true,"href":"https:\/\/online.dmgroup.com.ar\/index.php?rest_route=%2Fwp%2Fv2%2Fproduct_brand&post=973"},{"taxonomy":"product_cat","embeddable":true,"href":"https:\/\/online.dmgroup.com.ar\/index.php?rest_route=%2Fwp%2Fv2%2Fproduct_cat&post=973"},{"taxonomy":"product_tag","embeddable":true,"href":"https:\/\/online.dmgroup.com.ar\/index.php?rest_route=%2Fwp%2Fv2%2Fproduct_tag&post=973"}],"curies":[{"name":"wp","href":"https:\/\/api.w.org\/{rel}","templated":true}]}}